{"id":5554,"date":"2024-11-29T11:25:23","date_gmt":"2024-11-29T10:25:23","guid":{"rendered":"https:\/\/feniximvico.com\/certified-quality\/"},"modified":"2024-12-17T10:57:49","modified_gmt":"2024-12-17T09:57:49","slug":"calidad-certificada","status":"publish","type":"page","link":"https:\/\/feniximvico.com\/es\/calidad-certificada\/","title":{"rendered":"Calidad Certificada"},"content":{"rendered":"<div class=\"fusion-fullwidth fullwidth-box fusion-builder-row-1 fusion-flex-container has-pattern-background has-mask-background nonhundred-percent-fullwidth non-hundred-percent-height-scrolling\" style=\"--awb-border-radius-top-left:0px;--awb-border-radius-top-right:0px;--awb-border-radius-bottom-right:0px;--awb-border-radius-bottom-left:0px;--awb-padding-top:50px;--awb-padding-right:30px;--awb-padding-bottom:50px;--awb-padding-left:30px;--awb-margin-bottom:0px;--awb-flex-wrap:wrap;\" ><div class=\"fusion-builder-row fusion-row fusion-flex-align-items-flex-start fusion-flex-justify-content-center fusion-flex-content-wrap\" style=\"max-width:1456px;margin-left: calc(-4% \/ 2 );margin-right: calc(-4% \/ 2 );\"><div class=\"fusion-layout-column fusion_builder_column fusion-builder-column-0 fusion_builder_column_4_5 4_5 fusion-flex-column flips\" style=\"--awb-bg-size:cover;--awb-width-large:80%;--awb-margin-top-large:0px;--awb-spacing-right-large:2.4%;--awb-margin-bottom-large:20px;--awb-spacing-left-large:2.4%;--awb-width-medium:80%;--awb-order-medium:0;--awb-spacing-right-medium:2.4%;--awb-spacing-left-medium:2.4%;--awb-width-small:100%;--awb-order-small:0;--awb-spacing-right-small:1.92%;--awb-spacing-left-small:1.92%;\" data-scroll-devices=\"small-visibility,medium-visibility,large-visibility\"><div class=\"fusion-column-wrapper fusion-column-has-shadow fusion-flex-justify-content-flex-start fusion-content-layout-column\"><div class=\"fusion-title title fusion-title-1 fusion-sep-none fusion-title-text fusion-title-size-three\" style=\"--awb-margin-top-small:10px;--awb-margin-right-small:0px;--awb-margin-bottom-small:10px;--awb-margin-left-small:0px;\"><h3 class=\"fusion-title-heading title-heading-left\" style=\"margin:0;\">Certificaci\u00f3n ISO 9001:2015<\/h3><\/div><div class=\"fusion-text fusion-text-1\" style=\"--awb-content-alignment:justify;--awb-font-size:var(--awb-custom_typography_1-font-size);--awb-line-height:var(--awb-custom_typography_1-line-height);--awb-letter-spacing:var(--awb-custom_typography_1-letter-spacing);--awb-text-transform:var(--awb-custom_typography_1-text-transform);--awb-text-color:var(--awb-color7);--awb-text-font-family:var(--awb-custom_typography_1-font-family);--awb-text-font-weight:var(--awb-custom_typography_1-font-weight);--awb-text-font-style:var(--awb-custom_typography_1-font-style);\"><p>En Fenix Imvico estamos comprometidos con la excelencia en cada etapa del proceso productivo. Nuestra certificaci\u00f3n ISO 9001:2015 refleja nuestra dedicaci\u00f3n a ofrecer productos de la m\u00e1s alta calidad en el dise\u00f1o, fabricaci\u00f3n, comercializaci\u00f3n y asistencia t\u00e9cnica de productos electromec\u00e1nicos y electr\u00f3nica industrial.<\/p>\n<\/div><div class=\"fusion-builder-row fusion-builder-row-inner fusion-row fusion-flex-align-items-flex-start fusion-flex-justify-content-center fusion-flex-content-wrap\" style=\"--awb-flex-grow:0;--awb-flex-grow-medium:0;--awb-flex-grow-small:0;--awb-flex-shrink:0;--awb-flex-shrink-medium:0;--awb-flex-shrink-small:0;width:104% !important;max-width:104% !important;margin-left: calc(-4% \/ 2 );margin-right: calc(-4% \/ 2 );\"><div class=\"fusion-layout-column fusion_builder_column_inner fusion-builder-nested-column-0 fusion_builder_column_inner_1_2 1_2 fusion-flex-column\" style=\"--awb-bg-size:cover;--awb-width-large:50%;--awb-margin-top-large:0px;--awb-spacing-right-large:3.84%;--awb-margin-bottom-large:20px;--awb-spacing-left-large:3.84%;--awb-width-medium:50%;--awb-order-medium:0;--awb-spacing-right-medium:3.84%;--awb-spacing-left-medium:3.84%;--awb-width-small:100%;--awb-order-small:0;--awb-spacing-right-small:1.92%;--awb-spacing-left-small:1.92%;\"><div class=\"fusion-column-wrapper fusion-column-has-shadow fusion-flex-justify-content-flex-start fusion-content-layout-column\"><div style=\"text-align:center;\"><a class=\"fusion-button button-flat fusion-button-default-size button-default fusion-button-default button-1 fusion-button-default-span fusion-button-default-type\" style=\"--awb-margin-bottom:10px;\" target=\"_blank\" rel=\"noopener noreferrer\" href=\"\/pdf\/ISO9001-ESP.pdf\"><span class=\"fusion-button-text awb-button__text awb-button__text--default\">Descargar certificado ESP<\/span><\/a><\/div><\/div><\/div><div class=\"fusion-layout-column fusion_builder_column_inner fusion-builder-nested-column-1 fusion_builder_column_inner_1_2 1_2 fusion-flex-column\" style=\"--awb-bg-size:cover;--awb-width-large:50%;--awb-margin-top-large:0px;--awb-spacing-right-large:3.84%;--awb-margin-bottom-large:20px;--awb-spacing-left-large:3.84%;--awb-width-medium:50%;--awb-order-medium:0;--awb-spacing-right-medium:3.84%;--awb-spacing-left-medium:3.84%;--awb-width-small:100%;--awb-order-small:0;--awb-spacing-right-small:1.92%;--awb-spacing-left-small:1.92%;\"><div class=\"fusion-column-wrapper fusion-column-has-shadow fusion-flex-justify-content-flex-start fusion-content-layout-column\"><div style=\"text-align:center;\"><a class=\"fusion-button button-flat fusion-button-default-size button-default fusion-button-default button-2 fusion-button-default-span fusion-button-default-type\" style=\"--awb-margin-bottom:10px;\" target=\"_blank\" rel=\"noopener noreferrer\" href=\"\/pdf\/ISO9001-CAT.pdf\"><span class=\"fusion-button-text awb-button__text awb-button__text--default\">Descarregar certificat CAT<\/span><\/a><\/div><\/div><\/div><\/div><div class=\"fusion-text fusion-text-2\" style=\"--awb-content-alignment:justify;--awb-font-size:var(--awb-custom_typography_1-font-size);--awb-line-height:var(--awb-custom_typography_1-line-height);--awb-letter-spacing:var(--awb-custom_typography_1-letter-spacing);--awb-text-transform:var(--awb-custom_typography_1-text-transform);--awb-text-color:var(--awb-color7);--awb-text-font-family:var(--awb-custom_typography_1-font-family);--awb-text-font-weight:var(--awb-custom_typography_1-font-weight);--awb-text-font-style:var(--awb-custom_typography_1-font-style);\"><p>Este sistema de gesti\u00f3n de calidad garantiza que nuestros productos cumplen con los est\u00e1ndares internacionales m\u00e1s exigentes.<\/p>\n<\/div><div class=\"fusion-title title fusion-title-2 fusion-sep-none fusion-title-text fusion-title-size-three\" style=\"--awb-text-color:var(--awb-color3);--awb-margin-top-small:10px;--awb-margin-right-small:0px;--awb-margin-bottom-small:10px;--awb-margin-left-small:0px;--awb-font-size:var(--awb-custom_typography_2-font-size);\"><h3 class=\"fusion-title-heading title-heading-left\" style=\"font-family:var(--awb-custom_typography_2-font-family);font-weight:var(--awb-custom_typography_2-font-weight);font-style:var(--awb-custom_typography_2-font-style);margin:0;letter-spacing:var(--awb-custom_typography_2-letter-spacing);text-transform:var(--awb-custom_typography_2-text-transform);font-size:1em;line-height:var(--awb-custom_typography_2-line-height);\">Alcance de nuestra Certificaci\u00f3n<\/h3><\/div><div class=\"fusion-text fusion-text-3\" style=\"--awb-content-alignment:justify;--awb-font-size:var(--awb-custom_typography_1-font-size);--awb-line-height:var(--awb-custom_typography_1-line-height);--awb-letter-spacing:var(--awb-custom_typography_1-letter-spacing);--awb-text-transform:var(--awb-custom_typography_1-text-transform);--awb-text-color:var(--awb-color7);--awb-text-font-family:var(--awb-custom_typography_1-font-family);--awb-text-font-weight:var(--awb-custom_typography_1-font-weight);--awb-text-font-style:var(--awb-custom_typography_1-font-style);\"><p>Nuestra certificaci\u00f3n abarca las siguientes \u00e1reas de actividad:<\/p>\n<ul>\n<li><strong>Dise\u00f1o y fabricaci\u00f3n<\/strong> de dispositivos electr\u00f3nicos y electromec\u00e1nicos, como impresoras de tickets y otros dispositivos para la fabricaci\u00f3n de equipamiento industrial.<\/li>\n<li><strong>Comercializaci\u00f3n<\/strong> y distribuci\u00f3n de estos productos, asegurando que todos cumplan con los m\u00e1s altos niveles de calidad.<\/li>\n<li><strong>Asistencia t\u00e9cnica postventa<\/strong>, brindando el soporte necesario para garantizar la operaci\u00f3n y durabilidad de nuestros productos.<\/li>\n<\/ul>\n<\/div><div class=\"fusion-title title fusion-title-3 fusion-sep-none fusion-title-text fusion-title-size-three\" style=\"--awb-text-color:var(--awb-color3);--awb-margin-top-small:10px;--awb-margin-right-small:0px;--awb-margin-bottom-small:10px;--awb-margin-left-small:0px;--awb-font-size:var(--awb-custom_typography_2-font-size);\"><h3 class=\"fusion-title-heading title-heading-left\" style=\"font-family:var(--awb-custom_typography_2-font-family);font-weight:var(--awb-custom_typography_2-font-weight);font-style:var(--awb-custom_typography_2-font-style);margin:0;letter-spacing:var(--awb-custom_typography_2-letter-spacing);text-transform:var(--awb-custom_typography_2-text-transform);font-size:1em;line-height:var(--awb-custom_typography_2-line-height);\">Evaluaci\u00f3n continua de proveedores<\/h3><\/div><div class=\"fusion-text fusion-text-4\" style=\"--awb-content-alignment:justify;--awb-font-size:var(--awb-custom_typography_1-font-size);--awb-line-height:var(--awb-custom_typography_1-line-height);--awb-letter-spacing:var(--awb-custom_typography_1-letter-spacing);--awb-text-transform:var(--awb-custom_typography_1-text-transform);--awb-text-color:var(--awb-color7);--awb-text-font-family:var(--awb-custom_typography_1-font-family);--awb-text-font-weight:var(--awb-custom_typography_1-font-weight);--awb-text-font-style:var(--awb-custom_typography_1-font-style);\"><p>Con el fin de mantener nuestros est\u00e1ndares de calidad, \u00fanicamente trabajamos con proveedores homologados y que est\u00e1n sujetos nuestros procesos de evaluaci\u00f3n continua. Esto implica un control y seguimiento exhaustivo de los productos y servicios que nos suministran, asegurando que todos los componentes, partes y materiales cumplan con los m\u00e1s altos requisitos de calidad y rendimiento.<\/p>\n<\/div><\/div><\/div><\/div><\/div>\n","protected":false},"excerpt":{"rendered":"","protected":false},"author":1,"featured_media":1456,"parent":0,"menu_order":0,"comment_status":"closed","ping_status":"closed","template":"100-width.php","meta":{"footnotes":""},"class_list":["post-5554","page","type-page","status-publish","has-post-thumbnail","hentry"],"yoast_head":"<!-- This site is optimized with the Yoast SEO plugin v27.4 - https:\/\/yoast.com\/product\/yoast-seo-wordpress\/ -->\n<title>Fenix Imvico, manufacturer of thermal receipt and ticket printers<\/title>\n<meta name=\"description\" content=\"Legal notice and information about LOPD, LSSICE and Cookies Act in our website. Fenix Imvico is a company that offers solutions of industrial electronics of high performance.\" \/>\n<meta name=\"robots\" content=\"index, follow, max-snippet:-1, max-image-preview:large, max-video-preview:-1\" \/>\n<link rel=\"canonical\" href=\"https:\/\/feniximvico.com\/es\/calidad-certificada\/\" \/>\n<meta property=\"og:locale\" content=\"es_ES\" \/>\n<meta property=\"og:type\" content=\"article\" \/>\n<meta property=\"og:title\" content=\"Fenix Imvico, manufacturer of thermal receipt and ticket printers\" \/>\n<meta property=\"og:description\" content=\"Legal notice and information about LOPD, LSSICE and Cookies Act in our website. Fenix Imvico is a company that offers solutions of industrial electronics of high performance.\" \/>\n<meta property=\"og:url\" content=\"https:\/\/feniximvico.com\/es\/calidad-certificada\/\" \/>\n<meta property=\"og:site_name\" content=\"Fenix Imvico\" \/>\n<meta property=\"article:modified_time\" content=\"2024-12-17T09:57:49+00:00\" \/>\n<meta property=\"og:image\" content=\"https:\/\/feniximvico.com\/wp-content\/uploads\/2023\/05\/prueba-cabecra-contacto.webp\" \/>\n\t<meta property=\"og:image:width\" content=\"1880\" \/>\n\t<meta property=\"og:image:height\" content=\"680\" \/>\n\t<meta property=\"og:image:type\" content=\"image\/webp\" \/>\n<meta name=\"twitter:card\" content=\"summary_large_image\" \/>\n<meta name=\"twitter:label1\" content=\"Tiempo de lectura\" \/>\n\t<meta name=\"twitter:data1\" content=\"2 minutos\" \/>\n<script type=\"application\/ld+json\" class=\"yoast-schema-graph\">{\"@context\":\"https:\\\/\\\/schema.org\",\"@graph\":[{\"@type\":\"WebPage\",\"@id\":\"https:\\\/\\\/feniximvico.com\\\/es\\\/calidad-certificada\\\/\",\"url\":\"https:\\\/\\\/feniximvico.com\\\/es\\\/calidad-certificada\\\/\",\"name\":\"Fenix Imvico, manufacturer of thermal receipt and ticket printers\",\"isPartOf\":{\"@id\":\"https:\\\/\\\/feniximvico.com\\\/es\\\/#website\"},\"primaryImageOfPage\":{\"@id\":\"https:\\\/\\\/feniximvico.com\\\/es\\\/calidad-certificada\\\/#primaryimage\"},\"image\":{\"@id\":\"https:\\\/\\\/feniximvico.com\\\/es\\\/calidad-certificada\\\/#primaryimage\"},\"thumbnailUrl\":\"https:\\\/\\\/feniximvico.com\\\/wp-content\\\/uploads\\\/2023\\\/05\\\/prueba-cabecra-contacto.webp\",\"datePublished\":\"2024-11-29T10:25:23+00:00\",\"dateModified\":\"2024-12-17T09:57:49+00:00\",\"description\":\"Legal notice and information about LOPD, LSSICE and Cookies Act in our website. Fenix Imvico is a company that offers solutions of industrial electronics of high performance.\",\"breadcrumb\":{\"@id\":\"https:\\\/\\\/feniximvico.com\\\/es\\\/calidad-certificada\\\/#breadcrumb\"},\"inLanguage\":\"es\",\"potentialAction\":[{\"@type\":\"ReadAction\",\"target\":[\"https:\\\/\\\/feniximvico.com\\\/es\\\/calidad-certificada\\\/\"]}]},{\"@type\":\"ImageObject\",\"inLanguage\":\"es\",\"@id\":\"https:\\\/\\\/feniximvico.com\\\/es\\\/calidad-certificada\\\/#primaryimage\",\"url\":\"https:\\\/\\\/feniximvico.com\\\/wp-content\\\/uploads\\\/2023\\\/05\\\/prueba-cabecra-contacto.webp\",\"contentUrl\":\"https:\\\/\\\/feniximvico.com\\\/wp-content\\\/uploads\\\/2023\\\/05\\\/prueba-cabecra-contacto.webp\",\"width\":1880,\"height\":680,\"caption\":\"Contacta con F\u00e9nix Imvico\"},{\"@type\":\"BreadcrumbList\",\"@id\":\"https:\\\/\\\/feniximvico.com\\\/es\\\/calidad-certificada\\\/#breadcrumb\",\"itemListElement\":[{\"@type\":\"ListItem\",\"position\":1,\"name\":\"Home\",\"item\":\"https:\\\/\\\/feniximvico.com\\\/es\\\/\"},{\"@type\":\"ListItem\",\"position\":2,\"name\":\"Calidad Certificada\"}]},{\"@type\":\"WebSite\",\"@id\":\"https:\\\/\\\/feniximvico.com\\\/es\\\/#website\",\"url\":\"https:\\\/\\\/feniximvico.com\\\/es\\\/\",\"name\":\"Fenix Imvico\",\"description\":\"\",\"publisher\":{\"@id\":\"https:\\\/\\\/feniximvico.com\\\/es\\\/#organization\"},\"potentialAction\":[{\"@type\":\"SearchAction\",\"target\":{\"@type\":\"EntryPoint\",\"urlTemplate\":\"https:\\\/\\\/feniximvico.com\\\/es\\\/?s={search_term_string}\"},\"query-input\":{\"@type\":\"PropertyValueSpecification\",\"valueRequired\":true,\"valueName\":\"search_term_string\"}}],\"inLanguage\":\"es\"},{\"@type\":\"Organization\",\"@id\":\"https:\\\/\\\/feniximvico.com\\\/es\\\/#organization\",\"name\":\"Fenix Imvico\",\"url\":\"https:\\\/\\\/feniximvico.com\\\/es\\\/\",\"logo\":{\"@type\":\"ImageObject\",\"inLanguage\":\"es\",\"@id\":\"https:\\\/\\\/feniximvico.com\\\/es\\\/#\\\/schema\\\/logo\\\/image\\\/\",\"url\":\"https:\\\/\\\/feniximvico.pruebasweb.com.es\\\/wp-content\\\/uploads\\\/2023\\\/05\\\/fenix-imvico-phone.webp\",\"contentUrl\":\"https:\\\/\\\/feniximvico.pruebasweb.com.es\\\/wp-content\\\/uploads\\\/2023\\\/05\\\/fenix-imvico-phone.webp\",\"width\":220,\"height\":71,\"caption\":\"Fenix Imvico\"},\"image\":{\"@id\":\"https:\\\/\\\/feniximvico.com\\\/es\\\/#\\\/schema\\\/logo\\\/image\\\/\"}}]}<\/script>\n<!-- \/ Yoast SEO plugin. -->","yoast_head_json":{"title":"Fenix Imvico, manufacturer of thermal receipt and ticket printers","description":"Legal notice and information about LOPD, LSSICE and Cookies Act in our website. Fenix Imvico is a company that offers solutions of industrial electronics of high performance.","robots":{"index":"index","follow":"follow","max-snippet":"max-snippet:-1","max-image-preview":"max-image-preview:large","max-video-preview":"max-video-preview:-1"},"canonical":"https:\/\/feniximvico.com\/es\/calidad-certificada\/","og_locale":"es_ES","og_type":"article","og_title":"Fenix Imvico, manufacturer of thermal receipt and ticket printers","og_description":"Legal notice and information about LOPD, LSSICE and Cookies Act in our website. Fenix Imvico is a company that offers solutions of industrial electronics of high performance.","og_url":"https:\/\/feniximvico.com\/es\/calidad-certificada\/","og_site_name":"Fenix Imvico","article_modified_time":"2024-12-17T09:57:49+00:00","og_image":[{"width":1880,"height":680,"url":"https:\/\/feniximvico.com\/wp-content\/uploads\/2023\/05\/prueba-cabecra-contacto.webp","type":"image\/webp"}],"twitter_card":"summary_large_image","twitter_misc":{"Tiempo de lectura":"2 minutos"},"schema":{"@context":"https:\/\/schema.org","@graph":[{"@type":"WebPage","@id":"https:\/\/feniximvico.com\/es\/calidad-certificada\/","url":"https:\/\/feniximvico.com\/es\/calidad-certificada\/","name":"Fenix Imvico, manufacturer of thermal receipt and ticket printers","isPartOf":{"@id":"https:\/\/feniximvico.com\/es\/#website"},"primaryImageOfPage":{"@id":"https:\/\/feniximvico.com\/es\/calidad-certificada\/#primaryimage"},"image":{"@id":"https:\/\/feniximvico.com\/es\/calidad-certificada\/#primaryimage"},"thumbnailUrl":"https:\/\/feniximvico.com\/wp-content\/uploads\/2023\/05\/prueba-cabecra-contacto.webp","datePublished":"2024-11-29T10:25:23+00:00","dateModified":"2024-12-17T09:57:49+00:00","description":"Legal notice and information about LOPD, LSSICE and Cookies Act in our website. Fenix Imvico is a company that offers solutions of industrial electronics of high performance.","breadcrumb":{"@id":"https:\/\/feniximvico.com\/es\/calidad-certificada\/#breadcrumb"},"inLanguage":"es","potentialAction":[{"@type":"ReadAction","target":["https:\/\/feniximvico.com\/es\/calidad-certificada\/"]}]},{"@type":"ImageObject","inLanguage":"es","@id":"https:\/\/feniximvico.com\/es\/calidad-certificada\/#primaryimage","url":"https:\/\/feniximvico.com\/wp-content\/uploads\/2023\/05\/prueba-cabecra-contacto.webp","contentUrl":"https:\/\/feniximvico.com\/wp-content\/uploads\/2023\/05\/prueba-cabecra-contacto.webp","width":1880,"height":680,"caption":"Contacta con F\u00e9nix Imvico"},{"@type":"BreadcrumbList","@id":"https:\/\/feniximvico.com\/es\/calidad-certificada\/#breadcrumb","itemListElement":[{"@type":"ListItem","position":1,"name":"Home","item":"https:\/\/feniximvico.com\/es\/"},{"@type":"ListItem","position":2,"name":"Calidad Certificada"}]},{"@type":"WebSite","@id":"https:\/\/feniximvico.com\/es\/#website","url":"https:\/\/feniximvico.com\/es\/","name":"Fenix Imvico","description":"","publisher":{"@id":"https:\/\/feniximvico.com\/es\/#organization"},"potentialAction":[{"@type":"SearchAction","target":{"@type":"EntryPoint","urlTemplate":"https:\/\/feniximvico.com\/es\/?s={search_term_string}"},"query-input":{"@type":"PropertyValueSpecification","valueRequired":true,"valueName":"search_term_string"}}],"inLanguage":"es"},{"@type":"Organization","@id":"https:\/\/feniximvico.com\/es\/#organization","name":"Fenix Imvico","url":"https:\/\/feniximvico.com\/es\/","logo":{"@type":"ImageObject","inLanguage":"es","@id":"https:\/\/feniximvico.com\/es\/#\/schema\/logo\/image\/","url":"https:\/\/feniximvico.pruebasweb.com.es\/wp-content\/uploads\/2023\/05\/fenix-imvico-phone.webp","contentUrl":"https:\/\/feniximvico.pruebasweb.com.es\/wp-content\/uploads\/2023\/05\/fenix-imvico-phone.webp","width":220,"height":71,"caption":"Fenix Imvico"},"image":{"@id":"https:\/\/feniximvico.com\/es\/#\/schema\/logo\/image\/"}}]}},"_links":{"self":[{"href":"https:\/\/feniximvico.com\/es\/wp-json\/wp\/v2\/pages\/5554","targetHints":{"allow":["GET"]}}],"collection":[{"href":"https:\/\/feniximvico.com\/es\/wp-json\/wp\/v2\/pages"}],"about":[{"href":"https:\/\/feniximvico.com\/es\/wp-json\/wp\/v2\/types\/page"}],"author":[{"embeddable":true,"href":"https:\/\/feniximvico.com\/es\/wp-json\/wp\/v2\/users\/1"}],"replies":[{"embeddable":true,"href":"https:\/\/feniximvico.com\/es\/wp-json\/wp\/v2\/comments?post=5554"}],"version-history":[{"count":6,"href":"https:\/\/feniximvico.com\/es\/wp-json\/wp\/v2\/pages\/5554\/revisions"}],"predecessor-version":[{"id":5598,"href":"https:\/\/feniximvico.com\/es\/wp-json\/wp\/v2\/pages\/5554\/revisions\/5598"}],"wp:featuredmedia":[{"embeddable":true,"href":"https:\/\/feniximvico.com\/es\/wp-json\/wp\/v2\/media\/1456"}],"wp:attachment":[{"href":"https:\/\/feniximvico.com\/es\/wp-json\/wp\/v2\/media?parent=5554"}],"curies":[{"name":"wp","href":"https:\/\/api.w.org\/{rel}","templated":true}]}}