{"id":3548,"date":"2023-07-06T16:19:36","date_gmt":"2023-07-06T14:19:36","guid":{"rendered":"https:\/\/feniximvico.com\/?page_id=3548"},"modified":"2024-06-03T17:28:25","modified_gmt":"2024-06-03T15:28:25","slug":"cookies","status":"publish","type":"page","link":"https:\/\/feniximvico.com\/es\/cookies\/","title":{"rendered":"Informaci\u00f3n sobre cookies"},"content":{"rendered":"<div class=\"fusion-fullwidth fullwidth-box fusion-builder-row-1 fusion-flex-container has-pattern-background has-mask-background nonhundred-percent-fullwidth non-hundred-percent-height-scrolling\" style=\"--awb-border-radius-top-left:0px;--awb-border-radius-top-right:0px;--awb-border-radius-bottom-right:0px;--awb-border-radius-bottom-left:0px;--awb-margin-top:4%;--awb-flex-wrap:wrap;\" ><div class=\"fusion-builder-row fusion-row fusion-flex-align-items-flex-start fusion-flex-justify-content-center fusion-flex-content-wrap\" style=\"max-width:1456px;margin-left: calc(-4% \/ 2 );margin-right: calc(-4% \/ 2 );\"><div class=\"fusion-layout-column fusion_builder_column fusion-builder-column-0 fusion_builder_column_4_5 4_5 fusion-flex-column\" style=\"--awb-bg-size:cover;--awb-width-large:80%;--awb-margin-top-large:0px;--awb-spacing-right-large:2.4%;--awb-margin-bottom-large:0px;--awb-spacing-left-large:2.4%;--awb-width-medium:80%;--awb-spacing-right-medium:2.4%;--awb-spacing-left-medium:2.4%;--awb-width-small:100%;--awb-spacing-right-small:1.92%;--awb-spacing-left-small:1.92%;\"><div class=\"fusion-column-wrapper fusion-flex-justify-content-flex-start fusion-content-layout-column\"><div class=\"fusion-text fusion-text-1\"><p>FENIX IMVICO S.A deber\u00e1 facilitar a los usuarios informaci\u00f3n clara y completa sobre la utilizaci\u00f3n de cookies y, en particular, sobre los fines del tratamiento de los datos.<\/p>\n<p>En la pol\u00edtica de cookies se deber\u00e1 facilitar al usuario la siguiente informaci\u00f3n:<\/p>\n<ul>\n<li>Definici\u00f3n y funci\u00f3n gen\u00e9rica de las cookies.<\/li>\n<li>Informaci\u00f3n sobre el tipo de cookies que se utilizan y su finalidad.<\/li>\n<li>Identificaci\u00f3n de quien utiliza las cookies.<\/li>\n<li>Informaci\u00f3n sobre la forma de aceptar, denegar o revocar el consentimiento para el uso de cookies.<\/li>\n<li>En su caso, informaci\u00f3n sobre las transferencias de datos a terceros pa\u00edses realizadas por el editor.<\/li>\n<li>En caso de que sea oportuno, informar sobre la elaboraci\u00f3n de perfiles.<\/li>\n<li>Periodo de conservaci\u00f3n de los datos personales o criterios utilizados para determinar el plazo de conservaci\u00f3n.<\/li>\n<\/ul>\n<p>A continuaci\u00f3n FENIX IMVICO S.A, establece la pol\u00edtica de cookies la cual deber\u00e1 estar accesible para los usuarios de la p\u00e1gina web:<\/p>\n<p><strong>POL\u00cdTICA DE COOKIES<\/strong><br \/>\nConforme a lo dispuesto en el art\u00edculo 22.2 de la Ley 34\/2002, de 11 de julio, de Servicios de la Sociedad de la Informaci\u00f3n y de Comercio Electr\u00f3nico (LSSI-CE) vigente, FENIX IMVICO S.A debe cumplir con la obligaci\u00f3n de informar sobre las cookies que utiliza y sus finalidades.<br \/>\nEste sitio web utiliza cookies y\/o tecnolog\u00edas similares que almacenan y recuperan informaci\u00f3n cuando navegas. Las cookies permiten a una p\u00e1gina web, entre otras cosas, almacenar y recuperar informaci\u00f3n sobre los h\u00e1bitos de navegaci\u00f3n de un Usuario o de su equipo y, dependiendo de la informaci\u00f3n que contenga y de la forma en que utilice su equipo, pueden utilizarse para reconocer al Usuario.<\/p>\n<p>Las cookies son esenciales para el funcionamiento de internet, aportando innumerables ventajas en la prestaci\u00f3n de servicios interactivos, facilit\u00e1ndole al Usuario la navegaci\u00f3n y usabilidad de nuestra web.<\/p>\n<p>El usuario puede modificar la configuraci\u00f3n personalizada AQU\u00cd.<\/p>\n<p>La informaci\u00f3n que le proporcionamos a continuaci\u00f3n le ayudar\u00e1 a comprender los diferentes tipos de cookies:<\/p>\n<\/div>\n<div class=\"table-1\" style=\"--awb-margin-top:30px;\">\n<table width=\"100%\">\n<thead>\n<tr>\n<th style=\"text-align: center;\" colspan=\"4\">TIPOS DE COOKIES<\/th>\n<\/tr>\n<\/thead>\n<tbody>\n<tr>\n<td rowspan=\"2\"><strong>SEG\u00daN LA ENTIDAD QUE LAS GESTIONE<\/strong><\/td>\n<td>COOKIES PROPIAS<\/td>\n<td>Son aquellas que se env\u00edan al equipo terminal del usuario desde un equipo o dominio gestionado por el propio editor y desde el que se presta el servicio solicitado por el usuario.<\/td>\n<\/tr>\n<tr>\n<td>COOKIES DE TERCERO<\/td>\n<td>Son aquellas que se env\u00edan al equipo terminal del usuario desde un equipo o dominio que no es gestionado por el editor, sino por otra entidad que trata los datos obtenidos a trav\u00e9s de las cookies.<\/td>\n<\/tr>\n<tr>\n<td rowspan=\"2\"><strong>SEG\u00daN EL PLAZO DE TIEMPO QUE PERMANEZCAN ACTIVADAS<\/strong><\/td>\n<td>COOKIES DE SESI\u00d3N<\/td>\n<td>Son aquellas dise\u00f1adas para recabar y almacenar datos mientras el usuario accede a una p\u00e1gina web. Se suelen emplear para almacenar informaci\u00f3n que solo interesa conservar para la prestaci\u00f3n del servicio solicitado por el usuario en una sola ocasi\u00f3n (por ejemplo, una lista de productos adquiridos) y desaparecen al terminar la sesi\u00f3n.<\/td>\n<\/tr>\n<tr>\n<td>COOKIES PERSISTENTES<\/td>\n<td>Son aquellas en las que los datos siguen almacenados en el terminal y pueden ser accedidos y tratados durante un periodo definido por el responsable de la cookie, y que puede ir de unos minutos a varios a\u00f1os.<\/td>\n<\/tr>\n<tr>\n<td rowspan=\"5\"><strong>SEG\u00daN SU FINALIDAD<\/strong><\/td>\n<td>COOKIES T\u00c9CNICAS<\/td>\n<td>Son aquellas que permiten al usuario la navegaci\u00f3n a trav\u00e9s de una p\u00e1gina web, plataforma o aplicaci\u00f3n y la utilizaci\u00f3n de las diferentes opciones o servicios que en ella existan<\/td>\n<\/tr>\n<tr>\n<td>COOKIES DE PERSONALIZACI\u00d3N<\/td>\n<td>Permiten aplicar caracter\u00edsticas propias para la navegaci\u00f3n del usuario por el website (Ej. idioma).<\/td>\n<\/tr>\n<tr>\n<td>COOKIES DE AN\u00c1LISIS<\/td>\n<td>Son aquellas que permiten al responsable de estas el seguimiento y an\u00e1lisis del comportamiento de los usuarios de los sitios web a los que est\u00e1n vinculadas, incluida la cuantificaci\u00f3n de los impactos de los anuncios. La informaci\u00f3n recogida mediante este tipo de cookies se utiliza en la medici\u00f3n de la actividad de los sitios web, aplicaci\u00f3n o plataforma, con el fin de introducir mejoras en funci\u00f3n del an\u00e1lisis de los datos de uso que hacen los usuarios<\/td>\n<\/tr>\n<tr>\n<td>COOKIES PUBLICITARIAS<\/td>\n<td>Permiten al editor incluir en la p\u00e1gina web espacios publicitarios, seg\u00fan el contenido de la propia web.<\/td>\n<\/tr>\n<tr>\n<td>COOKIES DE PUBLICIDAD COMPORTAMENTAL<\/td>\n<td>Son aquellas que almacenan informaci\u00f3n del comportamiento de los usuarios obtenida a trav\u00e9s de la observaci\u00f3n continuada de sus h\u00e1bitos de navegaci\u00f3n, lo que permite desarrollar un perfil espec\u00edfico para mostrar publicidad en funci\u00f3n del mismo.<\/td>\n<\/tr>\n<\/tbody>\n<\/table>\n<\/div>\n<div class=\"fusion-text fusion-text-2\" style=\"--awb-margin-top:30px;\"><p>Adicionalmente, FENIX IMVICO S.A informa de manera m\u00e1s detallada de las cookies que utiliza sus titulares, el uso o finalidad concreta, los plazos de conservaci\u00f3n, as\u00ed como de las posibles Transferencias Internacionales de datos de cada una de ellas utilizadas en nuestra p\u00e1gina web:<\/p>\n<\/div>\n<div class=\"table-1\">\n<table width=\"100%\">\n<thead>\n<tr>\n<th style=\"text-align: center;\" colspan=\"5\">COOKIES DE TERCEROS<\/th>\n<\/tr>\n<tr>\n<td style=\"text-align: center;\" align=\"left\"><strong>Tipo<\/strong><\/td>\n<td style=\"text-align: center;\" align=\"left\"><strong>Titular<\/strong><\/td>\n<td style=\"text-align: center;\" align=\"left\"><strong>Cookie<\/strong><\/td>\n<td style=\"text-align: center;\" align=\"left\"><strong>Finalidad<\/strong><\/td>\n<td style=\"text-align: center;\" align=\"left\"><strong>Conservaci\u00f3n<\/strong><\/td>\n<\/tr>\n<\/thead>\n<tbody>\n<tr>\n<th rowspan=\"4\">T\u00e9cnicas<\/th>\n<td>feniximvico.com<\/td>\n<td>_icl_current_language<\/td>\n<td>Cookie usada para gestionar los idiomas utilizados en la web.<\/td>\n<td>1 a\u00f1o<\/td>\n<\/tr>\n<tr>\n<td>feniximvico.com<\/td>\n<td>cmplz_banner-status<\/td>\n<td>Registra la aceptaci\u00f3n del uso de las cookies por parte del usuario.<\/td>\n<td>1 a\u00f1o<\/td>\n<\/tr>\n<tr>\n<td>feniximvico.com<\/td>\n<td>cmplz_functional<\/td>\n<td>Registra la aceptaci\u00f3n del uso de las cookies de funcionales por parte del usuario.<\/td>\n<td>1 a\u00f1o<\/td>\n<\/tr>\n<tr>\n<td>feniximvico.com<\/td>\n<td>cmplz_statistics<\/td>\n<td>Registra la aceptaci\u00f3n del uso de las cookies de estad\u00edsticas por parte del usuario.<\/td>\n<td>1 a\u00f1o<\/td>\n<\/tr>\n<tr>\n<th rowspan=\"2\">An\u00e1lisis<\/th>\n<td>feniximvico.com<\/td>\n<td>_ga<\/td>\n<td>Utilizada por Google Analytics.<\/td>\n<td>2 a\u00f1os<\/td>\n<\/tr>\n<tr>\n<td>feniximvico.com<\/td>\n<td>_ga_XXXXXXXX<\/td>\n<td>Utilizada por Google Analytics.<\/td>\n<td>2 a\u00f1os<\/td>\n<\/tr>\n<\/tbody>\n<\/table>\n<\/div>\n<div class=\"fusion-text fusion-text-3\" style=\"--awb-margin-top:30px;\"><p>A continuaci\u00f3n, le proporcionamos los enlaces de diversos navegadores, a trav\u00e9s de los cuales podr\u00e1 modificar la configuraci\u00f3n de su navegador sobre el uso de cookies:<br \/>\n<a href=\"https:\/\/support.google.com\/accounts\/answer\/61416?co=GENIE.Platform%3DDesktop&amp;hl=es\" target=\"_blank\" rel=\"noopener noreferrer\">Google Chrome<\/a>.<br \/>\n<a href=\"https:\/\/support.mozilla.org\/es\/kb\/Borrar%20cookies\" target=\"_blank\" rel=\"noopener noreferrer\">Mozilla Firefox<\/a>.<br \/>\n<a href=\"https:\/\/support.microsoft.com\/es-es\/topic\/c%C3%B3mo-eliminar-archivos-de-cookies-en-internet-explorer-bca9446f-d873-78de-77ba-d42645fa52fc\" target=\"_blank\" rel=\"noopener noreferrer\">Internet Explorer<\/a>.<br \/>\n<a href=\"https:\/\/support.apple.com\/es-es\/guide\/safari\/sfri11471\/mac\" target=\"_blank\" rel=\"noopener noreferrer\">Safari<\/a>.<br \/>\n<a href=\"https:\/\/support.apple.com\/es-es\/HT201265\" target=\"_blank\" rel=\"noopener noreferrer\">Safari para IOS (iPhone y iPad).<\/a><br \/>\n<a href=\"https:\/\/support.google.com\/accounts\/answer\/61416?co=GENIE.Platform%3DAndroid&amp;hl=es&amp;oco=1\" target=\"_blank\" rel=\"noopener noreferrer\">Google Chrome para Android.<\/a><br \/>\n<a href=\"https:\/\/support.google.com\/accounts\/answer\/61416?co=GENIE.Platform%3DiOS&amp;hl=es&amp;oco=1\" target=\"_blank\" rel=\"noopener noreferrer\">Google Chrome para Iphone y Ipad<\/a>.<\/p>\n<p>Para conocer m\u00e1s informaci\u00f3n sobre el tratamiento de datos personales, le recomendamos visitar nuestro apartado \u201c<a href=\"https:\/\/feniximvico.com\/es\/politica-de-privacidad\/\">Pol\u00edtica de Privacidad<\/a>\u201d.<\/p>\n<\/div><\/div><\/div><\/div><\/div>\n","protected":false},"excerpt":{"rendered":"","protected":false},"author":1,"featured_media":1456,"parent":0,"menu_order":0,"comment_status":"closed","ping_status":"closed","template":"100-width.php","meta":{"footnotes":""},"class_list":["post-3548","page","type-page","status-publish","has-post-thumbnail","hentry"],"yoast_head":"<!-- This site is optimized with the Yoast SEO plugin v27.3 - https:\/\/yoast.com\/product\/yoast-seo-wordpress\/ -->\n<title>Fenix Imvico, fabricante de impresoras para tickets<\/title>\n<meta name=\"description\" content=\"Aviso legal e informaci\u00f3n sobre LOPD, LSSICE y Ley de Cookies en nuestra web. Fenix Imvico es una empresa que ofrece soluciones de electr\u00f3nica industrial de alto rendimiento.\" \/>\n<meta name=\"robots\" content=\"index, follow, max-snippet:-1, max-image-preview:large, max-video-preview:-1\" \/>\n<link rel=\"canonical\" href=\"https:\/\/feniximvico.com\/es\/cookies\/\" \/>\n<meta property=\"og:locale\" content=\"es_ES\" \/>\n<meta property=\"og:type\" content=\"article\" \/>\n<meta property=\"og:title\" content=\"Fenix Imvico, fabricante de impresoras para tickets\" \/>\n<meta property=\"og:description\" content=\"Aviso legal e informaci\u00f3n sobre LOPD, LSSICE y Ley de Cookies en nuestra web. Fenix Imvico es una empresa que ofrece soluciones de electr\u00f3nica industrial de alto rendimiento.\" \/>\n<meta property=\"og:url\" content=\"https:\/\/feniximvico.com\/es\/cookies\/\" \/>\n<meta property=\"og:site_name\" content=\"Fenix Imvico\" \/>\n<meta property=\"article:modified_time\" content=\"2024-06-03T15:28:25+00:00\" \/>\n<meta property=\"og:image\" content=\"https:\/\/feniximvico.com\/wp-content\/uploads\/2023\/05\/prueba-cabecra-contacto.webp\" \/>\n\t<meta property=\"og:image:width\" content=\"1880\" \/>\n\t<meta property=\"og:image:height\" content=\"680\" \/>\n\t<meta property=\"og:image:type\" content=\"image\/webp\" \/>\n<meta name=\"twitter:card\" content=\"summary_large_image\" \/>\n<meta name=\"twitter:label1\" content=\"Tiempo de lectura\" \/>\n\t<meta name=\"twitter:data1\" content=\"5 minutos\" \/>\n<script type=\"application\/ld+json\" class=\"yoast-schema-graph\">{\"@context\":\"https:\\\/\\\/schema.org\",\"@graph\":[{\"@type\":\"WebPage\",\"@id\":\"https:\\\/\\\/feniximvico.com\\\/es\\\/cookies\\\/\",\"url\":\"https:\\\/\\\/feniximvico.com\\\/es\\\/cookies\\\/\",\"name\":\"Fenix Imvico, fabricante de impresoras para tickets\",\"isPartOf\":{\"@id\":\"https:\\\/\\\/feniximvico.com\\\/es\\\/#website\"},\"primaryImageOfPage\":{\"@id\":\"https:\\\/\\\/feniximvico.com\\\/es\\\/cookies\\\/#primaryimage\"},\"image\":{\"@id\":\"https:\\\/\\\/feniximvico.com\\\/es\\\/cookies\\\/#primaryimage\"},\"thumbnailUrl\":\"https:\\\/\\\/feniximvico.com\\\/wp-content\\\/uploads\\\/2023\\\/05\\\/prueba-cabecra-contacto.webp\",\"datePublished\":\"2023-07-06T14:19:36+00:00\",\"dateModified\":\"2024-06-03T15:28:25+00:00\",\"description\":\"Aviso legal e informaci\u00f3n sobre LOPD, LSSICE y Ley de Cookies en nuestra web. Fenix Imvico es una empresa que ofrece soluciones de electr\u00f3nica industrial de alto rendimiento.\",\"breadcrumb\":{\"@id\":\"https:\\\/\\\/feniximvico.com\\\/es\\\/cookies\\\/#breadcrumb\"},\"inLanguage\":\"es\",\"potentialAction\":[{\"@type\":\"ReadAction\",\"target\":[\"https:\\\/\\\/feniximvico.com\\\/es\\\/cookies\\\/\"]}]},{\"@type\":\"ImageObject\",\"inLanguage\":\"es\",\"@id\":\"https:\\\/\\\/feniximvico.com\\\/es\\\/cookies\\\/#primaryimage\",\"url\":\"https:\\\/\\\/feniximvico.com\\\/wp-content\\\/uploads\\\/2023\\\/05\\\/prueba-cabecra-contacto.webp\",\"contentUrl\":\"https:\\\/\\\/feniximvico.com\\\/wp-content\\\/uploads\\\/2023\\\/05\\\/prueba-cabecra-contacto.webp\",\"width\":1880,\"height\":680,\"caption\":\"Contacta con F\u00e9nix Imvico\"},{\"@type\":\"BreadcrumbList\",\"@id\":\"https:\\\/\\\/feniximvico.com\\\/es\\\/cookies\\\/#breadcrumb\",\"itemListElement\":[{\"@type\":\"ListItem\",\"position\":1,\"name\":\"Home\",\"item\":\"https:\\\/\\\/feniximvico.com\\\/es\\\/\"},{\"@type\":\"ListItem\",\"position\":2,\"name\":\"Informaci\u00f3n sobre cookies\"}]},{\"@type\":\"WebSite\",\"@id\":\"https:\\\/\\\/feniximvico.com\\\/es\\\/#website\",\"url\":\"https:\\\/\\\/feniximvico.com\\\/es\\\/\",\"name\":\"Fenix Imvico\",\"description\":\"\",\"publisher\":{\"@id\":\"https:\\\/\\\/feniximvico.com\\\/es\\\/#organization\"},\"potentialAction\":[{\"@type\":\"SearchAction\",\"target\":{\"@type\":\"EntryPoint\",\"urlTemplate\":\"https:\\\/\\\/feniximvico.com\\\/es\\\/?s={search_term_string}\"},\"query-input\":{\"@type\":\"PropertyValueSpecification\",\"valueRequired\":true,\"valueName\":\"search_term_string\"}}],\"inLanguage\":\"es\"},{\"@type\":\"Organization\",\"@id\":\"https:\\\/\\\/feniximvico.com\\\/es\\\/#organization\",\"name\":\"Fenix Imvico\",\"url\":\"https:\\\/\\\/feniximvico.com\\\/es\\\/\",\"logo\":{\"@type\":\"ImageObject\",\"inLanguage\":\"es\",\"@id\":\"https:\\\/\\\/feniximvico.com\\\/es\\\/#\\\/schema\\\/logo\\\/image\\\/\",\"url\":\"https:\\\/\\\/feniximvico.pruebasweb.com.es\\\/wp-content\\\/uploads\\\/2023\\\/05\\\/fenix-imvico-phone.webp\",\"contentUrl\":\"https:\\\/\\\/feniximvico.pruebasweb.com.es\\\/wp-content\\\/uploads\\\/2023\\\/05\\\/fenix-imvico-phone.webp\",\"width\":220,\"height\":71,\"caption\":\"Fenix Imvico\"},\"image\":{\"@id\":\"https:\\\/\\\/feniximvico.com\\\/es\\\/#\\\/schema\\\/logo\\\/image\\\/\"}}]}<\/script>\n<!-- \/ Yoast SEO plugin. -->","yoast_head_json":{"title":"Fenix Imvico, fabricante de impresoras para tickets","description":"Aviso legal e informaci\u00f3n sobre LOPD, LSSICE y Ley de Cookies en nuestra web. Fenix Imvico es una empresa que ofrece soluciones de electr\u00f3nica industrial de alto rendimiento.","robots":{"index":"index","follow":"follow","max-snippet":"max-snippet:-1","max-image-preview":"max-image-preview:large","max-video-preview":"max-video-preview:-1"},"canonical":"https:\/\/feniximvico.com\/es\/cookies\/","og_locale":"es_ES","og_type":"article","og_title":"Fenix Imvico, fabricante de impresoras para tickets","og_description":"Aviso legal e informaci\u00f3n sobre LOPD, LSSICE y Ley de Cookies en nuestra web. Fenix Imvico es una empresa que ofrece soluciones de electr\u00f3nica industrial de alto rendimiento.","og_url":"https:\/\/feniximvico.com\/es\/cookies\/","og_site_name":"Fenix Imvico","article_modified_time":"2024-06-03T15:28:25+00:00","og_image":[{"width":1880,"height":680,"url":"https:\/\/feniximvico.com\/wp-content\/uploads\/2023\/05\/prueba-cabecra-contacto.webp","type":"image\/webp"}],"twitter_card":"summary_large_image","twitter_misc":{"Tiempo de lectura":"5 minutos"},"schema":{"@context":"https:\/\/schema.org","@graph":[{"@type":"WebPage","@id":"https:\/\/feniximvico.com\/es\/cookies\/","url":"https:\/\/feniximvico.com\/es\/cookies\/","name":"Fenix Imvico, fabricante de impresoras para tickets","isPartOf":{"@id":"https:\/\/feniximvico.com\/es\/#website"},"primaryImageOfPage":{"@id":"https:\/\/feniximvico.com\/es\/cookies\/#primaryimage"},"image":{"@id":"https:\/\/feniximvico.com\/es\/cookies\/#primaryimage"},"thumbnailUrl":"https:\/\/feniximvico.com\/wp-content\/uploads\/2023\/05\/prueba-cabecra-contacto.webp","datePublished":"2023-07-06T14:19:36+00:00","dateModified":"2024-06-03T15:28:25+00:00","description":"Aviso legal e informaci\u00f3n sobre LOPD, LSSICE y Ley de Cookies en nuestra web. Fenix Imvico es una empresa que ofrece soluciones de electr\u00f3nica industrial de alto rendimiento.","breadcrumb":{"@id":"https:\/\/feniximvico.com\/es\/cookies\/#breadcrumb"},"inLanguage":"es","potentialAction":[{"@type":"ReadAction","target":["https:\/\/feniximvico.com\/es\/cookies\/"]}]},{"@type":"ImageObject","inLanguage":"es","@id":"https:\/\/feniximvico.com\/es\/cookies\/#primaryimage","url":"https:\/\/feniximvico.com\/wp-content\/uploads\/2023\/05\/prueba-cabecra-contacto.webp","contentUrl":"https:\/\/feniximvico.com\/wp-content\/uploads\/2023\/05\/prueba-cabecra-contacto.webp","width":1880,"height":680,"caption":"Contacta con F\u00e9nix Imvico"},{"@type":"BreadcrumbList","@id":"https:\/\/feniximvico.com\/es\/cookies\/#breadcrumb","itemListElement":[{"@type":"ListItem","position":1,"name":"Home","item":"https:\/\/feniximvico.com\/es\/"},{"@type":"ListItem","position":2,"name":"Informaci\u00f3n sobre cookies"}]},{"@type":"WebSite","@id":"https:\/\/feniximvico.com\/es\/#website","url":"https:\/\/feniximvico.com\/es\/","name":"Fenix Imvico","description":"","publisher":{"@id":"https:\/\/feniximvico.com\/es\/#organization"},"potentialAction":[{"@type":"SearchAction","target":{"@type":"EntryPoint","urlTemplate":"https:\/\/feniximvico.com\/es\/?s={search_term_string}"},"query-input":{"@type":"PropertyValueSpecification","valueRequired":true,"valueName":"search_term_string"}}],"inLanguage":"es"},{"@type":"Organization","@id":"https:\/\/feniximvico.com\/es\/#organization","name":"Fenix Imvico","url":"https:\/\/feniximvico.com\/es\/","logo":{"@type":"ImageObject","inLanguage":"es","@id":"https:\/\/feniximvico.com\/es\/#\/schema\/logo\/image\/","url":"https:\/\/feniximvico.pruebasweb.com.es\/wp-content\/uploads\/2023\/05\/fenix-imvico-phone.webp","contentUrl":"https:\/\/feniximvico.pruebasweb.com.es\/wp-content\/uploads\/2023\/05\/fenix-imvico-phone.webp","width":220,"height":71,"caption":"Fenix Imvico"},"image":{"@id":"https:\/\/feniximvico.com\/es\/#\/schema\/logo\/image\/"}}]}},"_links":{"self":[{"href":"https:\/\/feniximvico.com\/es\/wp-json\/wp\/v2\/pages\/3548","targetHints":{"allow":["GET"]}}],"collection":[{"href":"https:\/\/feniximvico.com\/es\/wp-json\/wp\/v2\/pages"}],"about":[{"href":"https:\/\/feniximvico.com\/es\/wp-json\/wp\/v2\/types\/page"}],"author":[{"embeddable":true,"href":"https:\/\/feniximvico.com\/es\/wp-json\/wp\/v2\/users\/1"}],"replies":[{"embeddable":true,"href":"https:\/\/feniximvico.com\/es\/wp-json\/wp\/v2\/comments?post=3548"}],"version-history":[{"count":24,"href":"https:\/\/feniximvico.com\/es\/wp-json\/wp\/v2\/pages\/3548\/revisions"}],"predecessor-version":[{"id":5330,"href":"https:\/\/feniximvico.com\/es\/wp-json\/wp\/v2\/pages\/3548\/revisions\/5330"}],"wp:featuredmedia":[{"embeddable":true,"href":"https:\/\/feniximvico.com\/es\/wp-json\/wp\/v2\/media\/1456"}],"wp:attachment":[{"href":"https:\/\/feniximvico.com\/es\/wp-json\/wp\/v2\/media?parent=3548"}],"curies":[{"name":"wp","href":"https:\/\/api.w.org\/{rel}","templated":true}]}}