{"id":3543,"date":"2023-07-06T16:08:07","date_gmt":"2023-07-06T14:08:07","guid":{"rendered":"https:\/\/feniximvico.com\/?page_id=3543"},"modified":"2024-06-17T11:01:47","modified_gmt":"2024-06-17T09:01:47","slug":"aviso-legal","status":"publish","type":"page","link":"https:\/\/feniximvico.com\/es\/aviso-legal\/","title":{"rendered":"Aviso legal"},"content":{"rendered":"<div class=\"fusion-fullwidth fullwidth-box fusion-builder-row-1 fusion-flex-container has-pattern-background has-mask-background nonhundred-percent-fullwidth non-hundred-percent-height-scrolling\" style=\"--awb-border-radius-top-left:0px;--awb-border-radius-top-right:0px;--awb-border-radius-bottom-right:0px;--awb-border-radius-bottom-left:0px;--awb-padding-top:50px;--awb-padding-right:30px;--awb-padding-bottom:50px;--awb-padding-left:30px;--awb-margin-bottom:0px;--awb-flex-wrap:wrap;\" ><div class=\"fusion-builder-row fusion-row fusion-flex-align-items-flex-start fusion-flex-justify-content-center fusion-flex-content-wrap\" style=\"max-width:1456px;margin-left: calc(-4% \/ 2 );margin-right: calc(-4% \/ 2 );\"><div class=\"fusion-layout-column fusion_builder_column fusion-builder-column-0 fusion_builder_column_4_5 4_5 fusion-flex-column flips\" style=\"--awb-bg-size:cover;--awb-width-large:80%;--awb-margin-top-large:0px;--awb-spacing-right-large:2.4%;--awb-margin-bottom-large:20px;--awb-spacing-left-large:2.4%;--awb-width-medium:80%;--awb-order-medium:0;--awb-spacing-right-medium:2.4%;--awb-spacing-left-medium:2.4%;--awb-width-small:100%;--awb-order-small:0;--awb-spacing-right-small:1.92%;--awb-spacing-left-small:1.92%;\" data-scroll-devices=\"small-visibility,medium-visibility,large-visibility\"><div class=\"fusion-column-wrapper fusion-column-has-shadow fusion-flex-justify-content-flex-start fusion-content-layout-column\"><div class=\"fusion-title title fusion-title-1 fusion-sep-none fusion-title-text fusion-title-size-three\" style=\"--awb-margin-top-small:10px;--awb-margin-right-small:0px;--awb-margin-bottom-small:10px;--awb-margin-left-small:0px;\"><h3 class=\"fusion-title-heading title-heading-left\" style=\"margin:0;\">Fenix Imvico, Aviso legal<\/h3><\/div><div class=\"fusion-text fusion-text-1\" style=\"--awb-font-size:var(--awb-typography5-font-size);--awb-line-height:1.5;--awb-letter-spacing:var(--awb-typography5-letter-spacing);--awb-text-transform:var(--awb-typography5-text-transform);--awb-text-color:var(--awb-color7);--awb-text-font-family:&quot;futura-pt&quot;;--awb-text-font-style:normal;--awb-text-font-weight:300;\"><p>En cumplimiento de la Ley 34\/2002, de 11 de julio, de Servicios de la Sociedad de la Informaci\u00f3n y de Comercio Electr\u00f3nico (LSSI-CE), FENIX IMVICO S.A informa que es titular del sitio web. De acuerdo con la exigencia del art\u00edculo 10 de la citada Ley, FENIX IMVICO S.A informa de los siguientes datos:<\/p>\n<\/div>\n<div class=\"table-1\">\n<table width=\"100%\">\n<tbody>\n<tr>\n<td align=\"left\">REPRESENTANTE LEGAL<\/td>\n<td align=\"left\">FENIX IMVICO S.A<\/td>\n<\/tr>\n<tr>\n<td align=\"left\">NIF<\/td>\n<td align=\"left\">A58638560<\/td>\n<\/tr>\n<tr>\n<td align=\"left\">DOMINIO<\/td>\n<td align=\"left\"><a href=\"https:\/\/feniximvico.com\">feniximvico.com<\/a><\/td>\n<\/tr>\n<tr>\n<td align=\"left\">DIRECCI\u00d3N POSTAL<\/td>\n<td align=\"left\">CARRER PACIFIC 53-55,08027 BARCELONA(BARCELONA)<\/td>\n<\/tr>\n<tr>\n<td align=\"left\">DIRECCI\u00d3N ELECTR\u00d3NICA<\/td>\n<td align=\"left\"><a href=\"mailto:bcn@feniximvico.com\">bcn@feniximvico.com<\/a><\/td>\n<\/tr>\n<tr>\n<td align=\"left\">TEL\u00c9FONOS<\/td>\n<td align=\"left\">933539222<\/td>\n<\/tr>\n<tr>\n<td align=\"left\">N\u00ba REGISTRO\/ DATOS<br \/>\nADICIONALES<\/td>\n<td align=\"left\">Tomo: 24011<br \/>\nFolio: 91<br \/>\nHoja: B-64842<br \/>\nInscripci\u00f3n: 3<\/td>\n<\/tr>\n<\/tbody>\n<\/table>\n<\/div>\n<div class=\"fusion-text fusion-text-2\" style=\"--awb-content-alignment:justify;\"><h3>Usuario y r\u00e9gimen de responsabilidades<\/h3>\n<p>La navegaci\u00f3n, acceso y uso por el sitio web de FENIX IMVICO S.A confiere la condici\u00f3n de usuario.<\/p>\n<p>El sitio web de FENIX IMVICO S.A proporciona gran diversidad de informaci\u00f3n, servicios y datos. El usuario asume su responsabilidad en el uso correcto del sitio web. Esta responsabilidad se extender\u00e1 a:<\/p>\n<ul>\n<li>La veracidad y licitud de las informaciones aportadas por el usuario en los formularios extendidos por FENIX IMVICO S.A para el acceso a ciertos contenidos o servicios ofrecidos por el web.<\/li>\n<li>El uso de la informaci\u00f3n, servicios y datos ofrecidos por FENIX IMVICO S.A contrariamente a lo dispuesto por las presentes condiciones, la Ley,la moral, las buenas costumbres o el orden p\u00fablico, o que de cualquier otro modo puedan suponer lesi\u00f3n de los derechos de terceros o del mismo funcionamiento del sitio web.<\/li>\n<\/ul>\n<h3>Pol\u00edtica de enlaces y exenciones de responsabilidad<\/h3>\n<p>FENIX IMVICO S.A no se hace responsable del contenido de los sitios web a los que el usuario pueda acceder a trav\u00e9s de los enlaces establecidos en su sitio web, siempre que no tenga conocimiento efectivo de que la actividad o la informaci\u00f3n a la que remite o recomienda es il\u00edcita o de que lesiona bienes o derechos de un tercero susceptibles de indemnizaci\u00f3n, o, en caso de tenerlo, act\u00fae con diligencia para suprimir o inutilizar el enlace correspondiente.<\/p>\n<p>Se entender\u00e1 que FENIX IMVICO S.A tiene el conocimiento efectivo a que se refiere el p\u00e1rrafo anterior cuando un \u00f3rgano competente haya declarado la ilicitud de los datos, ordenado su retirada o que se imposibilite el acceso a los mismos, o se hubiera declarado la existencia de la lesi\u00f3n, y FENIX IMVICO S.A conociera la correspondiente resoluci\u00f3n, sin perjuicio de los procedimientos de detecci\u00f3n y retirada de contenidos que FENIX IMVICO S.A aplique en virtud de acuerdos voluntarios y de otros medios de conocimiento efectivo que pudieran establecerse.<\/p>\n<p>FENIX IMVICO S.A declara haber adoptado todas las medidas necesarias para evitar cualquier da\u00f1o a los usuarios de su sitio web, que pudieran derivarse de la navegaci\u00f3n por su sitio web. En consecuencia, FENIX IMVICO S.A no se hace responsable, en ning\u00fan caso, de los eventuales da\u00f1os que por la navegaci\u00f3n por Internet pudiera sufrir el usuario. Asimismo, tampoco garantizar\u00e1 la disponibilidad t\u00e9cnica, exactitud, veracidad, validez o legalidad de sitios ajenos a su propiedad a los que se pueda acceder por medio de los enlaces.<\/p>\n<h3>Modificaciones<\/h3>\n<p>FENIX IMVICO S.A se reserva el derecho a realizar las modificaciones que considere oportunas, sin aviso previo, en el contenido de su sitio web. Tanto en lo referente a los contenidos del sitio web, como en las condiciones de uso del mismo, o en las condiciones generales de contrataci\u00f3n. Los cambios a los que hace referencia este apartado, no afectar\u00e1n a las contrataciones realizadas con fecha anterior a la fecha de publicaci\u00f3n de los mismos.<\/p>\n<p>Dichas modificaciones podr\u00e1n realizarse a trav\u00e9s de su sitio web por cualquier forma admisible en derecho y ser\u00e1n de obligado cumplimiento durante el tiempo en que se encuentren publicadas en el web y hasta que no sean modificadas v\u00e1lidamente por otras posteriores.<\/p>\n<h3>Indicaci\u00f3n de precios<\/h3>\n<p>En caso de que se muestren precios de productos y\/o servicios, los indicados en pantalla ser\u00e1n los vigentes en cada momento. Los precios ser\u00e1n indicados en euros y tendr\u00e1n incorporado el Impuesto sobre el Valor A\u00f1adido (IVA). En caso de que no se incorpore el IVA en el precio, se indicar\u00e1 de manera expresa y se permitir\u00e1 al usuario visualizar el precio final completo.<\/p>\n<p>Asimismo, si fuera aplicable cualquier otro impuesto, as\u00ed se indicar\u00eda, incluyendo, en su caso, el importe de los incrementos o descuentos que sean de aplicaci\u00f3n a la oferta y los gastos adicionales que puedan repercutir al consumidor o usuario.<\/p>\n<h3>Propiedad intelectual e industrial<\/h3>\n<p>FENIX IMVICO S.A por s\u00ed misma o como cesionaria, es titular de todos los derechos de propiedad intelectual e industrial de su p\u00e1gina web, as\u00ed como de los elementos contenidos en la misma (a t\u00edtulo enunciativo, im\u00e1genes, sonido, audio, v\u00eddeo, software o textos; marcas o logotipos, combinaciones de colores, estructura y dise\u00f1o, selecci\u00f3n de materiales usados, programas de ordenador necesarios para su funcionamiento, acceso y uso, etc.), titularidad de FENIX IMVICO S.A. Ser\u00e1n, por consiguiente, obras protegidas como propiedad intelectual por el ordenamiento jur\u00eddico espa\u00f1ol, si\u00e9ndoles aplicables tanto la normativa espa\u00f1ola y comunitaria en este campo, como los tratados internacionales relativos a la materia y suscritos por Espa\u00f1a.<\/p>\n<p>Todos los derechos reservados. En virtud de lo dispuesto en la Ley de Propiedad Intelectual, quedan expresamente prohibidas la reproducci\u00f3n, la distribuci\u00f3n y la comunicaci\u00f3n p\u00fablica, incluida su modalidad de puesta a disposici\u00f3n, de la totalidad o parte de los contenidos de esta p\u00e1gina web, con fines comerciales, en cualquier soporte y por cualquier medio t\u00e9cnico, sin la autorizaci\u00f3n de FENIX IMVICO S.A.<\/p>\n<p>El usuario se compromete a respetar los derechos de Propiedad Intelectual e Industrial titularidad de FENIX IMVICO S.A. Podr\u00e1 visualizar los elementos del portal e incluso imprimirlos, copiarlos y almacenarlos en el disco duro de su ordenador o en cualquier otro soporte f\u00edsico siempre y cuando sea, \u00fanica y exclusivamente, para su uso personal y privado. El usuario deber\u00e1 abstenerse de suprimir, alterar, eludir o manipular cualquier dispositivo de protecci\u00f3n o sistema de seguridad que estuviera instalado en las p\u00e1ginas de FENIX IMVICO S.A.<\/p>\n<h3>Certificado SSL (secure sockets layer<\/h3>\n<p>El CERTIFICADO SSL proporciona autenticaci\u00f3n, privacidad y seguridad de la informaci\u00f3n entre FENIX IMVICO S.A y el usuario. FENIX IMVICO S.A dispone de un certificado de seguridad que se utiliza por CERTIFICADO SSL para realizar conexiones seguras. En este proceso se establecen varios par\u00e1metros para realizar la conexi\u00f3n de forma segura y se establece usando llaves preestablecidas, codificando y descodificando todos los datos enviados hasta que la conexi\u00f3n sea cerrada.<\/p>\n<h3>Acciones legales, legislaci\u00f3n aplicable y jurisdicci\u00f3n<\/h3>\n<p>Si el usuario desea presentar una reclamaci\u00f3n, deber\u00e1 contactar mediante el correo electr\u00f3nico JESCUDERO@FENIXIMVICO.COM. Asimismo, FENIX IMVICO S.A dispone de hojas oficiales de reclamaci\u00f3n a disposici\u00f3n de los consumidores y usuarios.<\/p>\n<p>FENIX IMVICO S.A se reserva la facultad de presentar las acciones civiles o penales que considere oportunas por la utilizaci\u00f3n indebida de su sitio web y contenidos, o por el incumplimiento de las presentes condiciones.<\/p>\n<p>La relaci\u00f3n entre el usuario y el prestador se regir\u00e1 por la normativa vigente y de aplicaci\u00f3n en el territorio espa\u00f1ol. De surgir cualquier controversia las partes podr\u00e1n someter sus conflictos a arbitraje o acudir a la jurisdicci\u00f3n ordinaria cumpliendo con las normas sobre jurisdicci\u00f3n y competencia al respecto. FENIX IMVICO S.A tiene su domicilio en BARCELONA, Espa\u00f1a.<\/p>\n<h3>C\u00f3digo de conducta para usuarios en los comentarios<\/h3>\n<p>El Usuario deber\u00e1 cumplir con todas las leyes que sean de aplicaci\u00f3n y utilizar los espacios disponibles en el sitio web para dejar comentarios de modo correcto y respetar el c\u00f3digo de conducta que se establece en este apartado, as\u00ed como tener en cuenta el r\u00e9gimen de responsabilidades que se puedan derivar de la utilizaci\u00f3n de estos espacio de forma incorrecta o il\u00edcita.FENIX IMVICO S.A informa de las conductas que no considera apropiadas y de la potestad que dispone para actuar en consecuencia sobre los siguientes usos, actuaciones, omisiones o declaraciones que el miembro realice, en virtud de la relaci\u00f3n que le une como usuario:<\/p>\n<ul>\n<li>Actuar de manera deshonesta o poco profesional<\/li>\n<li>Publicar contenidos inapropiados o inexactos.<\/li>\n<li>Acosar, abusar, amenazar o da\u00f1ar a otra persona o usuario<\/li>\n<li>Utilizar o publicar a trav\u00e9s de im\u00e1genes, videos o cualquier comentario en el perfil que pueda herir la sensibilidad de los Usuario, as\u00ed como que pueda discriminar por cualquier condici\u00f3n, raza, grupo \u00e9tnico, nacionalidad, religi\u00f3n, sexo, orientaci\u00f3n sexual, discapacidad o enfermedad, o que sean ilegales, injuriosos, abusivos, obscenos, discriminatorios o por otras causas consideradas reprochables.<\/li>\n<li>Usar la cuenta de otra persona o crear una identidad falsa<\/li>\n<li>Realizar declaraciones falsas que suplanten la identidad.<\/li>\n<li>Incluir contenido que contengan virus inform\u00e1ticos u otros que puedan eliminar, interrumpir u obstaculizar la correcta navegaci\u00f3n.<\/li>\n<li>Vender, patrocinar u obtener beneficio econ\u00f3mico a trav\u00e9s del sitio web sin la autorizaci\u00f3n de FENIX IMVICO S.A o si se ha establecido otro m\u00e9todo proporcionado por FENIX IMVICO S.A para la gesti\u00f3n de un servicio exclusivo.<\/li>\n<li>Compartir informaci\u00f3n de personas que no son Usuario sin su consentimiento expreso.<\/li>\n<li>Crear perfiles falsos en la aplicaci\u00f3n, en el caso de que se detecte que existen perfiles falsos<br \/>\nser\u00e1n eliminado de forma inmediata<\/li>\n<li>Promover el racismo, la xenofobia o el fanatismo de cualquier clase contra cualquier grupo o<br \/>\nindividuo.<\/li>\n<li>Imitar o suplantar a cualquier persona o entidad.<\/li>\n<li>Solicitar dinero de otros usuarios.<\/li>\n<li>Enviar v\u00eddeos, audios o fotograf\u00edas con im\u00e1genes de otra persona sin su autorizaci\u00f3n (o en el<br \/>\ncaso de un menor, sin la autorizaci\u00f3n de sus padres o tutores legales).<\/li>\n<\/ul>\n<p>\u00daltima actualizaci\u00f3n: 27 de octubre de 2023<\/p>\n<\/div><\/div><\/div><\/div><\/div>\n","protected":false},"excerpt":{"rendered":"","protected":false},"author":1,"featured_media":1456,"parent":0,"menu_order":0,"comment_status":"closed","ping_status":"closed","template":"100-width.php","meta":{"footnotes":""},"class_list":["post-3543","page","type-page","status-publish","has-post-thumbnail","hentry"],"yoast_head":"<!-- This site is optimized with the Yoast SEO plugin v27.4 - https:\/\/yoast.com\/product\/yoast-seo-wordpress\/ -->\n<title>Fenix Imvico, fabricante de impresoras para tickets<\/title>\n<meta name=\"description\" content=\"Aviso legal e informaci\u00f3n sobre LOPD, LSSICE y Ley de Cookies en nuestra web. Fenix Imvico es una empresa que ofrece soluciones de electr\u00f3nica industrial de alto rendimiento.\" \/>\n<meta name=\"robots\" content=\"index, follow, max-snippet:-1, max-image-preview:large, max-video-preview:-1\" \/>\n<link rel=\"canonical\" href=\"https:\/\/feniximvico.com\/es\/aviso-legal\/\" \/>\n<meta property=\"og:locale\" content=\"es_ES\" \/>\n<meta property=\"og:type\" content=\"article\" \/>\n<meta property=\"og:title\" content=\"Fenix Imvico, fabricante de impresoras para tickets\" \/>\n<meta property=\"og:description\" content=\"Aviso legal e informaci\u00f3n sobre LOPD, LSSICE y Ley de Cookies en nuestra web. Fenix Imvico es una empresa que ofrece soluciones de electr\u00f3nica industrial de alto rendimiento.\" \/>\n<meta property=\"og:url\" content=\"https:\/\/feniximvico.com\/es\/aviso-legal\/\" \/>\n<meta property=\"og:site_name\" content=\"Fenix Imvico\" \/>\n<meta property=\"article:modified_time\" content=\"2024-06-17T09:01:47+00:00\" \/>\n<meta property=\"og:image\" content=\"https:\/\/feniximvico.com\/wp-content\/uploads\/2023\/05\/prueba-cabecra-contacto.webp\" \/>\n\t<meta property=\"og:image:width\" content=\"1880\" \/>\n\t<meta property=\"og:image:height\" content=\"680\" \/>\n\t<meta property=\"og:image:type\" content=\"image\/webp\" \/>\n<meta name=\"twitter:card\" content=\"summary_large_image\" \/>\n<meta name=\"twitter:label1\" content=\"Tiempo de lectura\" \/>\n\t<meta name=\"twitter:data1\" content=\"7 minutos\" \/>\n<script type=\"application\/ld+json\" class=\"yoast-schema-graph\">{\"@context\":\"https:\\\/\\\/schema.org\",\"@graph\":[{\"@type\":\"WebPage\",\"@id\":\"https:\\\/\\\/feniximvico.com\\\/es\\\/aviso-legal\\\/\",\"url\":\"https:\\\/\\\/feniximvico.com\\\/es\\\/aviso-legal\\\/\",\"name\":\"Fenix Imvico, fabricante de impresoras para tickets\",\"isPartOf\":{\"@id\":\"https:\\\/\\\/feniximvico.com\\\/es\\\/#website\"},\"primaryImageOfPage\":{\"@id\":\"https:\\\/\\\/feniximvico.com\\\/es\\\/aviso-legal\\\/#primaryimage\"},\"image\":{\"@id\":\"https:\\\/\\\/feniximvico.com\\\/es\\\/aviso-legal\\\/#primaryimage\"},\"thumbnailUrl\":\"https:\\\/\\\/feniximvico.com\\\/wp-content\\\/uploads\\\/2023\\\/05\\\/prueba-cabecra-contacto.webp\",\"datePublished\":\"2023-07-06T14:08:07+00:00\",\"dateModified\":\"2024-06-17T09:01:47+00:00\",\"description\":\"Aviso legal e informaci\u00f3n sobre LOPD, LSSICE y Ley de Cookies en nuestra web. Fenix Imvico es una empresa que ofrece soluciones de electr\u00f3nica industrial de alto rendimiento.\",\"breadcrumb\":{\"@id\":\"https:\\\/\\\/feniximvico.com\\\/es\\\/aviso-legal\\\/#breadcrumb\"},\"inLanguage\":\"es\",\"potentialAction\":[{\"@type\":\"ReadAction\",\"target\":[\"https:\\\/\\\/feniximvico.com\\\/es\\\/aviso-legal\\\/\"]}]},{\"@type\":\"ImageObject\",\"inLanguage\":\"es\",\"@id\":\"https:\\\/\\\/feniximvico.com\\\/es\\\/aviso-legal\\\/#primaryimage\",\"url\":\"https:\\\/\\\/feniximvico.com\\\/wp-content\\\/uploads\\\/2023\\\/05\\\/prueba-cabecra-contacto.webp\",\"contentUrl\":\"https:\\\/\\\/feniximvico.com\\\/wp-content\\\/uploads\\\/2023\\\/05\\\/prueba-cabecra-contacto.webp\",\"width\":1880,\"height\":680,\"caption\":\"Contacta con F\u00e9nix Imvico\"},{\"@type\":\"BreadcrumbList\",\"@id\":\"https:\\\/\\\/feniximvico.com\\\/es\\\/aviso-legal\\\/#breadcrumb\",\"itemListElement\":[{\"@type\":\"ListItem\",\"position\":1,\"name\":\"Home\",\"item\":\"https:\\\/\\\/feniximvico.com\\\/es\\\/\"},{\"@type\":\"ListItem\",\"position\":2,\"name\":\"Aviso legal\"}]},{\"@type\":\"WebSite\",\"@id\":\"https:\\\/\\\/feniximvico.com\\\/es\\\/#website\",\"url\":\"https:\\\/\\\/feniximvico.com\\\/es\\\/\",\"name\":\"Fenix Imvico\",\"description\":\"\",\"publisher\":{\"@id\":\"https:\\\/\\\/feniximvico.com\\\/es\\\/#organization\"},\"potentialAction\":[{\"@type\":\"SearchAction\",\"target\":{\"@type\":\"EntryPoint\",\"urlTemplate\":\"https:\\\/\\\/feniximvico.com\\\/es\\\/?s={search_term_string}\"},\"query-input\":{\"@type\":\"PropertyValueSpecification\",\"valueRequired\":true,\"valueName\":\"search_term_string\"}}],\"inLanguage\":\"es\"},{\"@type\":\"Organization\",\"@id\":\"https:\\\/\\\/feniximvico.com\\\/es\\\/#organization\",\"name\":\"Fenix Imvico\",\"url\":\"https:\\\/\\\/feniximvico.com\\\/es\\\/\",\"logo\":{\"@type\":\"ImageObject\",\"inLanguage\":\"es\",\"@id\":\"https:\\\/\\\/feniximvico.com\\\/es\\\/#\\\/schema\\\/logo\\\/image\\\/\",\"url\":\"https:\\\/\\\/feniximvico.pruebasweb.com.es\\\/wp-content\\\/uploads\\\/2023\\\/05\\\/fenix-imvico-phone.webp\",\"contentUrl\":\"https:\\\/\\\/feniximvico.pruebasweb.com.es\\\/wp-content\\\/uploads\\\/2023\\\/05\\\/fenix-imvico-phone.webp\",\"width\":220,\"height\":71,\"caption\":\"Fenix Imvico\"},\"image\":{\"@id\":\"https:\\\/\\\/feniximvico.com\\\/es\\\/#\\\/schema\\\/logo\\\/image\\\/\"}}]}<\/script>\n<!-- \/ Yoast SEO plugin. -->","yoast_head_json":{"title":"Fenix Imvico, fabricante de impresoras para tickets","description":"Aviso legal e informaci\u00f3n sobre LOPD, LSSICE y Ley de Cookies en nuestra web. Fenix Imvico es una empresa que ofrece soluciones de electr\u00f3nica industrial de alto rendimiento.","robots":{"index":"index","follow":"follow","max-snippet":"max-snippet:-1","max-image-preview":"max-image-preview:large","max-video-preview":"max-video-preview:-1"},"canonical":"https:\/\/feniximvico.com\/es\/aviso-legal\/","og_locale":"es_ES","og_type":"article","og_title":"Fenix Imvico, fabricante de impresoras para tickets","og_description":"Aviso legal e informaci\u00f3n sobre LOPD, LSSICE y Ley de Cookies en nuestra web. Fenix Imvico es una empresa que ofrece soluciones de electr\u00f3nica industrial de alto rendimiento.","og_url":"https:\/\/feniximvico.com\/es\/aviso-legal\/","og_site_name":"Fenix Imvico","article_modified_time":"2024-06-17T09:01:47+00:00","og_image":[{"width":1880,"height":680,"url":"https:\/\/feniximvico.com\/wp-content\/uploads\/2023\/05\/prueba-cabecra-contacto.webp","type":"image\/webp"}],"twitter_card":"summary_large_image","twitter_misc":{"Tiempo de lectura":"7 minutos"},"schema":{"@context":"https:\/\/schema.org","@graph":[{"@type":"WebPage","@id":"https:\/\/feniximvico.com\/es\/aviso-legal\/","url":"https:\/\/feniximvico.com\/es\/aviso-legal\/","name":"Fenix Imvico, fabricante de impresoras para tickets","isPartOf":{"@id":"https:\/\/feniximvico.com\/es\/#website"},"primaryImageOfPage":{"@id":"https:\/\/feniximvico.com\/es\/aviso-legal\/#primaryimage"},"image":{"@id":"https:\/\/feniximvico.com\/es\/aviso-legal\/#primaryimage"},"thumbnailUrl":"https:\/\/feniximvico.com\/wp-content\/uploads\/2023\/05\/prueba-cabecra-contacto.webp","datePublished":"2023-07-06T14:08:07+00:00","dateModified":"2024-06-17T09:01:47+00:00","description":"Aviso legal e informaci\u00f3n sobre LOPD, LSSICE y Ley de Cookies en nuestra web. Fenix Imvico es una empresa que ofrece soluciones de electr\u00f3nica industrial de alto rendimiento.","breadcrumb":{"@id":"https:\/\/feniximvico.com\/es\/aviso-legal\/#breadcrumb"},"inLanguage":"es","potentialAction":[{"@type":"ReadAction","target":["https:\/\/feniximvico.com\/es\/aviso-legal\/"]}]},{"@type":"ImageObject","inLanguage":"es","@id":"https:\/\/feniximvico.com\/es\/aviso-legal\/#primaryimage","url":"https:\/\/feniximvico.com\/wp-content\/uploads\/2023\/05\/prueba-cabecra-contacto.webp","contentUrl":"https:\/\/feniximvico.com\/wp-content\/uploads\/2023\/05\/prueba-cabecra-contacto.webp","width":1880,"height":680,"caption":"Contacta con F\u00e9nix Imvico"},{"@type":"BreadcrumbList","@id":"https:\/\/feniximvico.com\/es\/aviso-legal\/#breadcrumb","itemListElement":[{"@type":"ListItem","position":1,"name":"Home","item":"https:\/\/feniximvico.com\/es\/"},{"@type":"ListItem","position":2,"name":"Aviso legal"}]},{"@type":"WebSite","@id":"https:\/\/feniximvico.com\/es\/#website","url":"https:\/\/feniximvico.com\/es\/","name":"Fenix Imvico","description":"","publisher":{"@id":"https:\/\/feniximvico.com\/es\/#organization"},"potentialAction":[{"@type":"SearchAction","target":{"@type":"EntryPoint","urlTemplate":"https:\/\/feniximvico.com\/es\/?s={search_term_string}"},"query-input":{"@type":"PropertyValueSpecification","valueRequired":true,"valueName":"search_term_string"}}],"inLanguage":"es"},{"@type":"Organization","@id":"https:\/\/feniximvico.com\/es\/#organization","name":"Fenix Imvico","url":"https:\/\/feniximvico.com\/es\/","logo":{"@type":"ImageObject","inLanguage":"es","@id":"https:\/\/feniximvico.com\/es\/#\/schema\/logo\/image\/","url":"https:\/\/feniximvico.pruebasweb.com.es\/wp-content\/uploads\/2023\/05\/fenix-imvico-phone.webp","contentUrl":"https:\/\/feniximvico.pruebasweb.com.es\/wp-content\/uploads\/2023\/05\/fenix-imvico-phone.webp","width":220,"height":71,"caption":"Fenix Imvico"},"image":{"@id":"https:\/\/feniximvico.com\/es\/#\/schema\/logo\/image\/"}}]}},"_links":{"self":[{"href":"https:\/\/feniximvico.com\/es\/wp-json\/wp\/v2\/pages\/3543","targetHints":{"allow":["GET"]}}],"collection":[{"href":"https:\/\/feniximvico.com\/es\/wp-json\/wp\/v2\/pages"}],"about":[{"href":"https:\/\/feniximvico.com\/es\/wp-json\/wp\/v2\/types\/page"}],"author":[{"embeddable":true,"href":"https:\/\/feniximvico.com\/es\/wp-json\/wp\/v2\/users\/1"}],"replies":[{"embeddable":true,"href":"https:\/\/feniximvico.com\/es\/wp-json\/wp\/v2\/comments?post=3543"}],"version-history":[{"count":8,"href":"https:\/\/feniximvico.com\/es\/wp-json\/wp\/v2\/pages\/3543\/revisions"}],"predecessor-version":[{"id":5374,"href":"https:\/\/feniximvico.com\/es\/wp-json\/wp\/v2\/pages\/3543\/revisions\/5374"}],"wp:featuredmedia":[{"embeddable":true,"href":"https:\/\/feniximvico.com\/es\/wp-json\/wp\/v2\/media\/1456"}],"wp:attachment":[{"href":"https:\/\/feniximvico.com\/es\/wp-json\/wp\/v2\/media?parent=3543"}],"curies":[{"name":"wp","href":"https:\/\/api.w.org\/{rel}","templated":true}]}}